{"id":6422,"date":"2025-05-07T09:44:35","date_gmt":"2025-05-07T07:44:35","guid":{"rendered":"https:\/\/www.weber-ingenieure.de\/gamme-de-prestations\/"},"modified":"2025-12-16T20:48:04","modified_gmt":"2025-12-16T19:48:04","slug":"gamme-de-prestations","status":"publish","type":"page","link":"https:\/\/www.weber-ingenieure.de\/fr\/gamme-de-prestations\/","title":{"rendered":"Gamme de prestations"},"content":{"rendered":"\n<style type=\"text\/css\" data-created_by=\"avia_inline_auto\" id=\"style-css-av-mahbz7sh-92eb413f57c0e6e9e2b1bdf90f7dc8a9\">\n#top .av-special-heading.av-mahbz7sh-92eb413f57c0e6e9e2b1bdf90f7dc8a9{\npadding-bottom:10px;\n}\nbody .av-special-heading.av-mahbz7sh-92eb413f57c0e6e9e2b1bdf90f7dc8a9 .av-special-heading-tag .heading-char{\nfont-size:25px;\n}\n.av-special-heading.av-mahbz7sh-92eb413f57c0e6e9e2b1bdf90f7dc8a9 .av-subheading{\nfont-size:15px;\n}\n<\/style>\n<div  class='av-special-heading av-mahbz7sh-92eb413f57c0e6e9e2b1bdf90f7dc8a9 av-special-heading-h1 blockquote modern-quote modern-centered  avia-builder-el-0  el_before_av_textblock  avia-builder-el-first '><h1 class='av-special-heading-tag '  itemprop=\"headline\"  >Gamme de prestations<\/h1><div class=\"special-heading-border\"><div class=\"special-heading-inner-border\"><\/div><\/div><\/div>\n<section  class='av_textblock_section av-mahc1263-0f29469f9f8e606034a1e6e67ab8304a '   itemscope=\"itemscope\" itemtype=\"https:\/\/schema.org\/CreativeWork\" ><div class='avia_textblock'  itemprop=\"text\" ><p>Vous trouverez ici un aper\u00e7u de notre gamme de prestations. Vous trouverez des d\u00e9tails et des informations plus pr\u00e9cises sur les sous-pages correspondantes.<\/p>\n<\/div><\/section>\n\n<style type=\"text\/css\" data-created_by=\"avia_inline_auto\" id=\"style-css-av-mbfjbli3-fc509db36e0d25f5b8babedb5685817d\">\n.avia-buttonrow-wrap.av-mbfjbli3-fc509db36e0d25f5b8babedb5685817d .avia-button{\nfont-size:20px;\n}\n<\/style>\n<div  class='avia-buttonrow-wrap av-mbfjbli3-fc509db36e0d25f5b8babedb5685817d avia-buttonrow-center  avia-builder-el-2  el_after_av_textblock  avia-builder-el-last '>\n\n<style type=\"text\/css\" data-created_by=\"avia_inline_auto\" id=\"style-css-av-mbfj9hjf-43cac2ac645e09b7c5aa108a7fa99d97\">\n#top #wrap_all .avia-button.av-mbfj9hjf-43cac2ac645e09b7c5aa108a7fa99d97{\nmargin-bottom:5px;\nmargin-right:3px;\nmargin-left:3px;\n}\n<\/style>\n<a href='https:\/\/www.weber-ingenieure.de\/leistungsspektrum\/tragwerksplanung\/'  class='avia-button av-mbfj9hjf-43cac2ac645e09b7c5aa108a7fa99d97 avia-icon_select-no avia-size-small avia-color-theme-color'   aria-label=\"Conception de structures\"><span class='avia_iconbox_title' >Conception de structures<\/span><\/a>\n\n<style type=\"text\/css\" data-created_by=\"avia_inline_auto\" id=\"style-css-av-mbfj9ynr-d0f7d385edef8885850b3b8e7aaedd1f\">\n#top #wrap_all .avia-button.av-mbfj9ynr-d0f7d385edef8885850b3b8e7aaedd1f{\nmargin-bottom:5px;\nmargin-right:3px;\nmargin-left:3px;\n}\n<\/style>\n<a href='https:\/\/www.weber-ingenieure.de\/leistungsspektrum\/ingenieurbau-2\/'  class='avia-button av-mbfj9ynr-d0f7d385edef8885850b3b8e7aaedd1f avia-icon_select-no avia-size-small avia-color-theme-color'   aria-label=\"Ing\u00e9nierie civile\"><span class='avia_iconbox_title' >Ing\u00e9nierie civile<\/span><\/a>\n\n<style type=\"text\/css\" data-created_by=\"avia_inline_auto\" id=\"style-css-av-mbfjadup-019068da3b9f20255b14df022a104eb5\">\n#top #wrap_all .avia-button.av-mbfjadup-019068da3b9f20255b14df022a104eb5{\nmargin-bottom:5px;\nmargin-right:3px;\nmargin-left:3px;\n}\n<\/style>\n<a href='https:\/\/www.weber-ingenieure.de\/leistungsspektrum\/industriebau\/'  class='avia-button av-mbfjadup-019068da3b9f20255b14df022a104eb5 avia-icon_select-no avia-size-small avia-color-theme-color'   aria-label=\"Construction industrielle\"><span class='avia_iconbox_title' >Construction industrielle<\/span><\/a>\n\n<style type=\"text\/css\" data-created_by=\"avia_inline_auto\" id=\"style-css-av-mbfjadup-2-33622b2117d731a2f478e7e84dbd3ba8\">\n#top #wrap_all .avia-button.av-mbfjadup-2-33622b2117d731a2f478e7e84dbd3ba8{\nmargin-bottom:5px;\nmargin-right:3px;\nmargin-left:3px;\n}\n<\/style>\n<a href='https:\/\/www.weber-ingenieure.de\/leistungsspektrum\/sigeko\/'  class='avia-button av-mbfjadup-2-33622b2117d731a2f478e7e84dbd3ba8 avia-icon_select-no avia-size-small avia-color-theme-color'   aria-label=\"SiGeKo\"><span class='avia_iconbox_title' >SiGeKo<\/span><\/a>\n\n<style type=\"text\/css\" data-created_by=\"avia_inline_auto\" id=\"style-css-av-mbfjadup-1-030cefe0ea08f35a47ca19b461102d2d\">\n#top #wrap_all .avia-button.av-mbfjadup-1-030cefe0ea08f35a47ca19b461102d2d{\nmargin-bottom:5px;\nmargin-right:3px;\nmargin-left:3px;\n}\n<\/style>\n<a href='https:\/\/www.weber-ingenieure.de\/leistungsspektrum\/waermeschutz\/'  class='avia-button av-mbfjadup-1-030cefe0ea08f35a47ca19b461102d2d avia-icon_select-no avia-size-small avia-color-theme-color'   aria-label=\"Isolation thermique\"><span class='avia_iconbox_title' >Isolation thermique<\/span><\/a>\n<\/div>\n","protected":false},"excerpt":{"rendered":"","protected":false},"author":1,"featured_media":0,"parent":0,"menu_order":0,"comment_status":"closed","ping_status":"closed","template":"","meta":{"footnotes":""},"class_list":["post-6422","page","type-page","status-publish","hentry"],"_links":{"self":[{"href":"https:\/\/www.weber-ingenieure.de\/fr\/wp-json\/wp\/v2\/pages\/6422","targetHints":{"allow":["GET"]}}],"collection":[{"href":"https:\/\/www.weber-ingenieure.de\/fr\/wp-json\/wp\/v2\/pages"}],"about":[{"href":"https:\/\/www.weber-ingenieure.de\/fr\/wp-json\/wp\/v2\/types\/page"}],"author":[{"embeddable":true,"href":"https:\/\/www.weber-ingenieure.de\/fr\/wp-json\/wp\/v2\/users\/1"}],"replies":[{"embeddable":true,"href":"https:\/\/www.weber-ingenieure.de\/fr\/wp-json\/wp\/v2\/comments?post=6422"}],"version-history":[{"count":0,"href":"https:\/\/www.weber-ingenieure.de\/fr\/wp-json\/wp\/v2\/pages\/6422\/revisions"}],"wp:attachment":[{"href":"https:\/\/www.weber-ingenieure.de\/fr\/wp-json\/wp\/v2\/media?parent=6422"}],"curies":[{"name":"wp","href":"https:\/\/api.w.org\/{rel}","templated":true}]}}